{"id":99,"date":"2016-09-12T13:12:57","date_gmt":"2016-09-12T13:12:57","guid":{"rendered":"https:\/\/moeller.kassel.design\/?page_id=99"},"modified":"2022-11-29T10:10:05","modified_gmt":"2022-11-29T10:10:05","slug":"acautocheck","status":"publish","type":"page","link":"https:\/\/moeller.kassel.design\/index.php\/acautocheck\/","title":{"rendered":"AC AUTOCHECK"},"content":{"rendered":"<p>[vc_row][vc_column]<div class=\"sc_section sc_section_block \"><div class=\"sc_section_inner\"><div class=\"sc_section_content_wrap\">[vc_column_text]<\/p>\n<h2>Wir sind AC AUTO CHECK Partner<\/h2>\n<p><big>Die Werkst\u00e4tten von AC AUTO CHECK bieten fachgerechte Reparatur und umfassenden Service zu fairen Preisen.<\/big><\/p>\n<p><big>Qualit\u00e4t durch Qualifizierung<\/big><\/p>\n<p><big>AC AUTO CHECK Werkst\u00e4tten erf\u00fcllen hohe Standards und sind oft Familienbetriebe mit Tradition und starker Kundenorientierung. Auch die Weiterbildung spielt in diesen Betrieben eine gro\u00dfe Rolle. Denn moderne Fahrzeuge werden immer komplexer, und damit steigen auch die technischen Anforderungen an die Kfz-Mechatroniker. Kontinuierliche Schulung und Weiterbildung haben bei den AC AUTO CHECK Werkst\u00e4tten deshalb oberste Priorit\u00e4t. Vom Auszubildenden bis zum Meister \u2013 die Mitarbeiter von AC AUTO CHECK Werkst\u00e4tten sind immer auf dem neuesten Stand der Automobiltechnik.<\/big><\/p>\n<p><big>Ein besonderer Service ist die Mobilit\u00e4tsgarantie, mit der schnelle Hilfe bei Pannen und Unf\u00e4llen sicher ist. Die Mobilit\u00e4tskarte erhalten Autofahrer, die ihr Fahrzeug regelm\u00e4\u00dfig zur Inspektion in eine AC AUTO CHECK-Werkstatt bringen. Damit sind sie f\u00fcr alle Eventualit\u00e4ten gewappnet: \u00dcber Reise- und \u00dcbernachtungskosten bei Unf\u00e4llen bis hin zum Krankenr\u00fccktransport \u2013 mit dem garantierten Rundumschutz f\u00e4hrt es sich sorgenfrei.<\/big><\/p>\n<p><big>Noch mehr \u00fcber AC AUTO CHECK erfahren Sie unter: <a href=\"https:\/\/www.ac-autocheck.de\/\">www.ac-autocheck.de<\/a><\/big>[\/vc_column_text][vc_empty_space height=&#8220;21px&#8220;]<a href=\"https:\/\/www.ac-autocheck.de\/\" target=\"https:\/\/www.ac-autocheck.de\/\" class=\"sc_button sc_button_square sc_button_style_filled_light sc_button_size_small\" style=\"background-color:#fbc316; border-color:#fbc316;\">Zur AC Auto Check Website<\/a>[vc_empty_space]<\/div><\/div><\/div>[\/vc_column][\/vc_row][vc_row][vc_column]<div class=\"sc_section sc_section_block \"><div class=\"sc_section_inner\"><div class=\"sc_section_content_wrap\"><h2 class=\"sc_title sc_title_regular\">Professioneller Mehrmarken-Service<\/h2><div class=\"columns_wrap sc_columns columns_nofluid sc_columns_count_2\"><div class=\"column-1_2 sc_column_item sc_column_item_1 odd first\">[vc_single_image image=&#8220;1504&#8243; img_size=&#8220;medium&#8220;]<\/div><div class=\"column-1_2 sc_column_item sc_column_item_2 even\">[vc_column_text]<\/p>\n<ul>\n<li>Inspektion, Motordiagnose, Klimaservice<\/li>\n<li>Mobilit\u00e4tsgarantie, HU* (mit integrierter AU)<\/li>\n<li>Bremsen, Auspuff, Stossd\u00e4mpfer<\/li>\n<li>Rad &amp; Reifen, Kupplung<\/li>\n<\/ul>\n<p>[\/vc_column_text]<\/div><\/div><\/div><\/div><\/div>[\/vc_column][\/vc_row][vc_row][vc_column][vc_empty_space][\/vc_column][\/vc_row]<\/p>\n","protected":false},"excerpt":{"rendered":"<p>[vc_row][vc_column][\/vc_column][\/vc_row][vc_row][vc_column][\/vc_column][\/vc_row][vc_row][vc_column][vc_empty_space][\/vc_column][\/vc_row]<\/p>\n","protected":false},"author":1,"featured_media":0,"parent":0,"menu_order":0,"comment_status":"closed","ping_status":"closed","template":"","meta":{"footnotes":""},"class_list":["post-99","page","type-page","status-publish","hentry"],"_links":{"self":[{"href":"https:\/\/moeller.kassel.design\/index.php\/wp-json\/wp\/v2\/pages\/99"}],"collection":[{"href":"https:\/\/moeller.kassel.design\/index.php\/wp-json\/wp\/v2\/pages"}],"about":[{"href":"https:\/\/moeller.kassel.design\/index.php\/wp-json\/wp\/v2\/types\/page"}],"author":[{"embeddable":true,"href":"https:\/\/moeller.kassel.design\/index.php\/wp-json\/wp\/v2\/users\/1"}],"replies":[{"embeddable":true,"href":"https:\/\/moeller.kassel.design\/index.php\/wp-json\/wp\/v2\/comments?post=99"}],"version-history":[{"count":13,"href":"https:\/\/moeller.kassel.design\/index.php\/wp-json\/wp\/v2\/pages\/99\/revisions"}],"predecessor-version":[{"id":1496,"href":"https:\/\/moeller.kassel.design\/index.php\/wp-json\/wp\/v2\/pages\/99\/revisions\/1496"}],"wp:attachment":[{"href":"https:\/\/moeller.kassel.design\/index.php\/wp-json\/wp\/v2\/media?parent=99"}],"curies":[{"name":"wp","href":"https:\/\/api.w.org\/{rel}","templated":true}]}}