{"id":727,"date":"2020-10-07T13:12:05","date_gmt":"2020-10-07T13:12:05","guid":{"rendered":"https:\/\/moeller.kassel.design\/?page_id=727"},"modified":"2022-10-28T20:29:16","modified_gmt":"2022-10-28T20:29:16","slug":"fahrraeder","status":"publish","type":"page","link":"https:\/\/moeller.kassel.design\/index.php\/fahrraeder\/","title":{"rendered":"Fahrr\u00e4der"},"content":{"rendered":"<p>[vc_row full_width=&#8220;stretch_row&#8220; css=&#8220;.vc_custom_1449134047180{background-color: #ffffff !important;}&#8220;][vc_column]<div class=\"sc_section sc_section_block \"><div class=\"sc_section_inner\"><div class=\"sc_section_content_wrap\">[vc_column_text]<\/p>\n<h2>Bike Store M\u00f6ller<\/h2>\n<p><big>Wir f\u00fchren unterschiedlichste Fahrr\u00e4der, wie Citybikes, Mountainbikes und Rennr\u00e4der sowie Falt-Fahrr\u00e4der, Kinderfahrr\u00e4der und Elektrofahrr\u00e4der (E-Bike \/ Pedelecs).<br \/>\nBei der Auswahl unserer Produkte achten wir besonders auf Langlebigkeit und praktischen Nutzen f\u00fcr unsere Kunden. <\/big><\/p>\n<p><big>Fahrr\u00e4der kaufen, Fahrr\u00e4der mieten und Werkstatt: schneller und professioneller Service und Wartung sind garantiert.<\/big><\/p>\n<p><big>F\u00fcr weitere Informationen, Neuigkeiten rund ums Fahrrad und aktuelle<big> <\/big>Angebote besuchen Sie gerne auch unsere Facebook Seite.<br \/>\n<\/big>[\/vc_column_text][vc_empty_space height=&#8220;21px&#8220;]<a href=\"https:\/\/www.facebook.com\/people\/BIKE-STORE-M%C3%B6ller\/100069053259345\/\" target=\"https:\/\/www.facebook.com\/people\/BIKE-STORE-M%C3%B6ller\/100069053259345\/\" class=\"sc_button sc_button_square sc_button_style_filled_light sc_button_size_small  sc_button_iconed icon-facebook\" style=\"background-color:#fbc316; border-color:#fbc316;\">Bikestore M\u00f6ller auf facebook<\/a>[vc_empty_space height=&#8220;34px&#8220;]<\/div><\/div><\/div>[\/vc_column][\/vc_row][vc_row full_width=&#8220;stretch_row&#8220; css=&#8220;.vc_custom_1449136753813{background-color: #f6f7f7 !important;}&#8220;][vc_column]<div class=\"sc_section sc_section_block \"><div class=\"sc_section_inner\"><h3 class=\"sc_section_title sc_item_title sc_item_title_without_descr\">Unser Ladengesch\u00e4ft<\/h3><div class=\"sc_section_content_wrap\"><div class=\"columns_wrap sc_columns columns_nofluid sc_columns_count_2\"><div class=\"column-1_2 sc_column_item sc_column_item_1 odd first\"><div id=\"sc_slider_1530326768\" class=\"sc_slider sc_slider_swiper swiper-slider-container sc_slider_nocontrols sc_slider_pagination sc_slider_bg\" data-interval=\"4000\" style=\"width:100%;\"><div class=\"slides swiper-wrapper\" style=\"\"><div class=\"swiper-slide\" style=\"background-image:url(https:\/\/moeller.kassel.design\/wp-content\/uploads\/2022\/10\/Fahrrad_HK_Moeller01.jpg);width:100%;\"><\/div><div class=\"swiper-slide\" style=\"background-image:url(https:\/\/moeller.kassel.design\/wp-content\/uploads\/2022\/10\/Fahrrad_HK_Moeller02.jpg);width:100%;\"><\/div><div class=\"swiper-slide\" style=\"background-image:url(https:\/\/moeller.kassel.design\/wp-content\/uploads\/2022\/10\/Fahrrad_HK_Moeller03.jpg);width:100%;\"><\/div><\/div><div class=\"sc_slider_pagination_wrap\"><\/div><\/div><\/div><div class=\"column-1_2 sc_column_item sc_column_item_2 even\">[vc_column_text]<big>F\u00fcr Servicearbeiten an Ihrem Fahrrad, steht Ihnen die Werkstatt in unserem Ladengesch\u00e4ft jederzeit zur Verf\u00fcgung. Unser Zweiradmechatroniker der Fachrichtung Fahrradtechnik wartet und repariert Ihre Fahrr\u00e4der direkt vor Ort.<big><\/big><\/big><\/p>\n<p><big>Vertrauen Sie auch auf die langj\u00e4hrige Expertise unserer Mitarbeiter rund um das Thema Elektrofahrr\u00e4der (E-BIKE \/ PEDELECS). Angefangen bei der Beratung, \u00fcber Kauf, Wartung, Reparatur und Service sind wir hier Ihr Ansprechpartner.<big>[\/vc_column_text]<\/div><\/div><\/div><\/div><\/div>[vc_empty_space height=&#8220;44px&#8220;][\/vc_column][\/vc_row][vc_row][vc_column][vc_empty_space height=&#8220;7px&#8220;]<div id=\"sc_clients_491506249_wrap\" class=\"sc_clients_wrap\"><div id=\"sc_clients_491506249\" class=\"sc_clients sc_clients_style_clients-1 \" style=\"width:100%;\"><div class=\"sc_slider_swiper swiper-slider-container sc_slider_nopagination sc_slider_nocontrols\" data-interval=\"2000\" data-slides-per-view=\"5\" data-slides-min-width=\"100\"><div class=\"slides swiper-wrapper\"><div class=\"swiper-slide\" data-style=\"width:100%;\" style=\"width:100%;\">\t\t\t<div id=\"sc_clients_491506249_1\" class=\"sc_clients_item sc_clients_item_1 odd first\">\n\t\t\t\t\t\t\t\t<div class=\"sc_client_image\"><img decoding=\"async\" class=\"wp-post-image\" alt=\"Ghost\" src=\"https:\/\/moeller.kassel.design\/wp-content\/uploads\/2022\/10\/ghost_logo.png\"><\/div>\n\t\t\t\t\t\t\t<\/div>\n\t\t<\/div><div class=\"swiper-slide\" data-style=\"width:100%;\" style=\"width:100%;\">\t\t\t<div id=\"sc_clients_491506249_2\" class=\"sc_clients_item sc_clients_item_2 even\">\n\t\t\t\t\t\t\t\t<div class=\"sc_client_image\"><img decoding=\"async\" class=\"wp-post-image\" alt=\"Lapierre\" src=\"https:\/\/moeller.kassel.design\/wp-content\/uploads\/2022\/10\/lapierre_logo.png\"><\/div>\n\t\t\t\t\t\t\t<\/div>\n\t\t<\/div><div class=\"swiper-slide\" data-style=\"width:100%;\" style=\"width:100%;\">\t\t\t<div id=\"sc_clients_491506249_3\" class=\"sc_clients_item sc_clients_item_3 odd\">\n\t\t\t\t\t\t\t\t<div class=\"sc_client_image\"><img decoding=\"async\" class=\"wp-post-image\" alt=\"Gazelle\" src=\"https:\/\/moeller.kassel.design\/wp-content\/uploads\/2022\/10\/gazelle_logo.png\"><\/div>\n\t\t\t\t\t\t\t<\/div>\n\t\t<\/div><div class=\"swiper-slide\" data-style=\"width:100%;\" style=\"width:100%;\">\t\t\t<div id=\"sc_clients_491506249_4\" class=\"sc_clients_item sc_clients_item_4 even\">\n\t\t\t\t\t\t\t\t<div class=\"sc_client_image\"><img decoding=\"async\" class=\"wp-post-image\" alt=\"Haibike\" src=\"https:\/\/moeller.kassel.design\/wp-content\/uploads\/2022\/10\/haibike_logo.png\"><\/div>\n\t\t\t\t\t\t\t<\/div>\n\t\t<\/div><div class=\"swiper-slide\" data-style=\"width:100%;\" style=\"width:100%;\">\t\t\t<div id=\"sc_clients_491506249_5\" class=\"sc_clients_item sc_clients_item_5 odd\">\n\t\t\t\t\t\t\t\t<div class=\"sc_client_image\"><img decoding=\"async\" class=\"wp-post-image\" alt=\"Winora\" src=\"https:\/\/moeller.kassel.design\/wp-content\/uploads\/2022\/10\/winora_Logo.png\"><\/div>\n\t\t\t\t\t\t\t<\/div>\n\t\t<\/div><\/div><div class=\"sc_slider_controls_wrap\"><a class=\"sc_slider_prev\" href=\"#\"><\/a><a class=\"sc_slider_next\" href=\"#\"><\/a><\/div><div class=\"sc_slider_pagination_wrap\"><\/div><\/div><\/div><!-- \/.sc_clients --><\/div><!-- \/.sc_clients_wrap -->[vc_empty_space height=&#8220;14px&#8220;][\/vc_column][\/vc_row][vc_row][vc_column][vc_column_text]<\/big><\/big>[\/vc_column_text][\/vc_column][\/vc_row]<\/p>\n","protected":false},"excerpt":{"rendered":"<p>[vc_row full_width=&#8220;stretch_row&#8220; css=&#8220;.vc_custom_1449134047180{background-color: #ffffff !important;}&#8220;][vc_column][\/vc_column][\/vc_row][vc_row full_width=&#8220;stretch_row&#8220; css=&#8220;.vc_custom_1449136753813{background-color: #f6f7f7 !important;}&#8220;][vc_column][vc_empty_space height=&#8220;44px&#8220;][\/vc_column][\/vc_row][vc_row][vc_column][vc_empty_space height=&#8220;7px&#8220;][vc_empty_space height=&#8220;14px&#8220;][\/vc_column][\/vc_row][vc_row][vc_column][vc_column_text][\/vc_column_text][\/vc_column][\/vc_row]<\/p>\n","protected":false},"author":1,"featured_media":0,"parent":0,"menu_order":0,"comment_status":"closed","ping_status":"closed","template":"","meta":{"footnotes":""},"class_list":["post-727","page","type-page","status-publish","hentry"],"_links":{"self":[{"href":"https:\/\/moeller.kassel.design\/index.php\/wp-json\/wp\/v2\/pages\/727"}],"collection":[{"href":"https:\/\/moeller.kassel.design\/index.php\/wp-json\/wp\/v2\/pages"}],"about":[{"href":"https:\/\/moeller.kassel.design\/index.php\/wp-json\/wp\/v2\/types\/page"}],"author":[{"embeddable":true,"href":"https:\/\/moeller.kassel.design\/index.php\/wp-json\/wp\/v2\/users\/1"}],"replies":[{"embeddable":true,"href":"https:\/\/moeller.kassel.design\/index.php\/wp-json\/wp\/v2\/comments?post=727"}],"version-history":[{"count":45,"href":"https:\/\/moeller.kassel.design\/index.php\/wp-json\/wp\/v2\/pages\/727\/revisions"}],"predecessor-version":[{"id":1406,"href":"https:\/\/moeller.kassel.design\/index.php\/wp-json\/wp\/v2\/pages\/727\/revisions\/1406"}],"wp:attachment":[{"href":"https:\/\/moeller.kassel.design\/index.php\/wp-json\/wp\/v2\/media?parent=727"}],"curies":[{"name":"wp","href":"https:\/\/api.w.org\/{rel}","templated":true}]}}