{"id":724,"date":"2020-04-23T07:48:53","date_gmt":"2020-04-23T07:48:53","guid":{"rendered":"https:\/\/moeller.kassel.design\/?page_id=724"},"modified":"2022-10-28T16:13:17","modified_gmt":"2022-10-28T16:13:17","slug":"gebrauchtwagen","status":"publish","type":"page","link":"https:\/\/moeller.kassel.design\/index.php\/gebrauchtwagen\/","title":{"rendered":"Gebrauchtwagen"},"content":{"rendered":"<p>[vc_row][vc_column]<div class=\"sc_section sc_section_block \"><div class=\"sc_section_inner\"><div class=\"sc_section_content_wrap\">[vc_column_text]<\/p>\n<h2>Unsere Gebrauchten<\/h2>\n<p><big>Unsere aktuellen Gebrauchtwagen-Angebote finden Sie auf Autoscout24. <\/big><\/p>\n<p><big>F\u00fcr weitere Fragen und W\u00fcnsche zum Thema Gebrauchtfahrzeug, rufen Sie uns gerne an oder kommen Sie jederzeit bei uns vorbei. Wir sind f\u00fcr Sie da.<br \/>\n<\/big>[\/vc_column_text][vc_empty_space height=&#8220;21px&#8220;]<a href=\"https:\/\/www.autoscout24.de\/haendler\/autohaus-h-k-moeller\" target=\"https:\/\/www.autoscout24.de\/haendler\/autohaus-h-k-moeller\" class=\"sc_button sc_button_square sc_button_style_filled_light sc_button_size_small\" style=\"background-color:#fbc316; border-color:#fbc316;\">ZU AUTOSCOUT24<\/a><\/div><\/div><\/div>[vc_empty_space height=&#8220;74px&#8220;][\/vc_column][\/vc_row][vc_row][vc_column][vc_single_image image=&#8220;1368&#8243; img_size=&#8220;large&#8220;]<h5 class=\"sc_title sc_title_underline\">7 Sterne Qualit\u00e4t f\u00fcr Gebrauchte \u2013<br \/>\nSieben gute Gr\u00fcnde einen Gebrauchten bei Heinrich K. M\u00f6ller zu kaufen!<\/h5>[vc_empty_space height=&#8220;7px&#8220;][vc_column_text]<\/p>\n<ol>\n<li>Funktions-Check durch Renault Pr\u00fcfprogramm<\/li>\n<li>Probefahrt selbstverst\u00e4ndlich<\/li>\n<li>Gebrauchtwagen Garantie 12 oder 24 Monate<\/li>\n<li>Mobilit\u00e4tsgarantie<\/li>\n<li>Renault Vertrauens-Pass<\/li>\n<li>Renault Bank Finanzierung<\/li>\n<li>HU und AU neu<\/li>\n<\/ol>\n<p>[\/vc_column_text][vc_empty_space height=&#8220;28px&#8220;][\/vc_column][\/vc_row]<\/p>\n","protected":false},"excerpt":{"rendered":"<p>[vc_row][vc_column][vc_empty_space height=&#8220;74px&#8220;][\/vc_column][\/vc_row][vc_row][vc_column][vc_single_image image=&#8220;1368&#8243; img_size=&#8220;large&#8220;][vc_empty_space height=&#8220;7px&#8220;][vc_column_text] Funktions-Check durch Renault Pr\u00fcfprogramm Probefahrt selbstverst\u00e4ndlich Gebrauchtwagen Garantie 12 oder 24 Monate Mobilit\u00e4tsgarantie Renault Vertrauens-Pass Renault Bank Finanzierung HU und AU neu [\/vc_column_text][vc_empty_space height=&#8220;28px&#8220;][\/vc_column][\/vc_row]<\/p>\n","protected":false},"author":1,"featured_media":0,"parent":0,"menu_order":0,"comment_status":"closed","ping_status":"closed","template":"","meta":{"footnotes":""},"class_list":["post-724","page","type-page","status-publish","hentry"],"_links":{"self":[{"href":"https:\/\/moeller.kassel.design\/index.php\/wp-json\/wp\/v2\/pages\/724"}],"collection":[{"href":"https:\/\/moeller.kassel.design\/index.php\/wp-json\/wp\/v2\/pages"}],"about":[{"href":"https:\/\/moeller.kassel.design\/index.php\/wp-json\/wp\/v2\/types\/page"}],"author":[{"embeddable":true,"href":"https:\/\/moeller.kassel.design\/index.php\/wp-json\/wp\/v2\/users\/1"}],"replies":[{"embeddable":true,"href":"https:\/\/moeller.kassel.design\/index.php\/wp-json\/wp\/v2\/comments?post=724"}],"version-history":[{"count":52,"href":"https:\/\/moeller.kassel.design\/index.php\/wp-json\/wp\/v2\/pages\/724\/revisions"}],"predecessor-version":[{"id":1366,"href":"https:\/\/moeller.kassel.design\/index.php\/wp-json\/wp\/v2\/pages\/724\/revisions\/1366"}],"wp:attachment":[{"href":"https:\/\/moeller.kassel.design\/index.php\/wp-json\/wp\/v2\/media?parent=724"}],"curies":[{"name":"wp","href":"https:\/\/api.w.org\/{rel}","templated":true}]}}