{"id":326,"date":"2016-09-13T14:01:02","date_gmt":"2016-09-13T14:01:02","guid":{"rendered":"https:\/\/moeller.kassel.design\/?page_id=326"},"modified":"2022-11-27T21:32:00","modified_gmt":"2022-11-27T21:32:00","slug":"home-4","status":"publish","type":"page","link":"https:\/\/moeller.kassel.design\/","title":{"rendered":"Startseite"},"content":{"rendered":"<p>[vc_row full_width=&#8220;stretch_row_content_no_spaces&#8220;][vc_column]<div class=\"columns_wrap sc_columns columns_nofluid no_margins sc_columns_count_3\" data-equal-height=\".sc_column_item\"><div class=\"column-1_3 sc_column_item sc_column_item_1 odd first\" data-animation=\"animated fadeInLeft normal\"><div class=\"sc_section section_style_promo_section\" style=\"background-image:url(https:\/\/moeller.kassel.design\/wp-content\/uploads\/2022\/09\/banner-3-moeller04.jpg);background-repeat:no-repeat;background-size:cover;\"><div class=\"sc_section_inner\"><div class=\"sc_section_overlay\" style=\"\"><div class=\"sc_section_content padding_on\" style=\"\"><h3 class=\"sc_section_title sc_item_title sc_item_title_without_descr\">Renault-Vertragspartner<\/h3><div class=\"sc_section_descr sc_item_descr\">Renault-Vertragspartner seit \u00fcber 30 Jahren<\/div><div class=\"sc_section_content_wrap\"><\/div><div class=\"sc_section_button sc_item_button\"><a href=\"https:\/\/moeller.kassel.design\/index.php\/historie\/\" class=\"sc_button sc_button_square sc_button_style_filled sc_button_size_large\">Mehr erfahren<\/a><\/div><\/div><\/div><\/div><\/div><\/div><div class=\"column-1_3 sc_column_item sc_column_item_2 even\" data-animation=\"animated fadeInUp normal\"><div class=\"sc_section section_style_promo_section\" style=\"background-image:url(https:\/\/moeller.kassel.design\/wp-content\/uploads\/2022\/09\/banner-2-moeller02.jpg);background-repeat:no-repeat;background-size:cover;\"><div class=\"sc_section_inner\"><div class=\"sc_section_overlay\" style=\"\"><div class=\"sc_section_content padding_on\" style=\"\"><h3 class=\"sc_section_title sc_item_title sc_item_title_without_descr\">Fahrr\u00e4der<\/h3><div class=\"sc_section_descr sc_item_descr\">St\u00f6bern Sie durch unser gro\u00dfes Sortiment<\/div><div class=\"sc_section_content_wrap\"><\/div><div class=\"sc_section_button sc_item_button\"><a href=\"https:\/\/moeller.kassel.design\/index.php\/fahrraeder\/\" class=\"sc_button sc_button_square sc_button_style_filled sc_button_size_large\">Mehr erfahren<\/a><\/div><\/div><\/div><\/div><\/div><\/div><div class=\"column-1_3 sc_column_item sc_column_item_3 odd\" data-animation=\"animated fadeInRight normal\"><div class=\"sc_section section_style_promo_section\" style=\"background-image:url(https:\/\/moeller.kassel.design\/wp-content\/uploads\/2022\/09\/banner-1-moeller02.jpg);background-repeat:no-repeat;background-size:cover;\"><div class=\"sc_section_inner\"><div class=\"sc_section_overlay\" style=\"\"><div class=\"sc_section_content padding_on\" style=\"\"><h3 class=\"sc_section_title sc_item_title sc_item_title_without_descr\">Freie Werkstatt<\/h3><div class=\"sc_section_descr sc_item_descr\">Zertifiziert f\u00fcr alle Hersteller<\/div><div class=\"sc_section_content_wrap\"><\/div><div class=\"sc_section_button sc_item_button\"><a href=\"https:\/\/moeller.kassel.design\/index.php\/service\/\" class=\"sc_button sc_button_square sc_button_style_filled sc_button_size_large\">Mehr erfahren<\/a><\/div><\/div><\/div><\/div><\/div><\/div><\/div>[\/vc_column][\/vc_row][vc_row css=&#8220;.vc_custom_1474275685317{margin-top: 6.95rem !important;margin-bottom: 7rem !important;}&#8220;][vc_column css=&#8220;.vc_custom_1474275433026{background-image: url(https:\/\/moeller.kassel.design\/wp-content\/uploads\/2022\/09\/hk_moeller_promo.jpg?id=565) !important;background-position: 0 0 !important;background-repeat: no-repeat !important;}&#8220;]<div class=\"columns_wrap sc_columns columns_nofluid no_margins sc_columns_count_12\" data-animation=\"animated fadeIn normal\"><div class=\"column-5_12 sc_column_item sc_column_item_1 odd first span_5\"><div class=\"sc_section section_style_call_section\"><div class=\"sc_section_inner\"><h6 class=\"sc_section_subtitle sc_item_subtitle\">Willkommen<\/h6><h3 class=\"sc_section_title sc_item_title sc_item_title_without_descr\">WER WIR SIND<\/h3><div class=\"sc_section_descr sc_item_descr\">Wir stehen f\u00fcr qualitativ hochwertigen Service: jederzeit zuverl\u00e4ssig und vertrauensw\u00fcrdig.<br \/>\nH.K. M\u00f6ller garantiert Ihnen eine pers\u00f6nliche Betreuung rund um Ihr Fahrzeug.<\/div><div class=\"sc_section_content_wrap\"><\/div><div class=\"sc_section_button sc_item_button\"><a href=\"\/index.php\/team\/\" class=\"sc_button sc_button_square sc_button_style_filled sc_button_size_large\">Mehr erfahren<\/a><\/div><\/div><\/div><\/div><div class=\"column-7_12 sc_column_item sc_column_item_6 even span_7\"><\/div><\/div>[vc_empty_space height=&#8220;84px&#8220;][\/vc_column][\/vc_row][vc_row full_width=&#8220;stretch_row&#8220; parallax=&#8220;content-moving&#8220; parallax_image=&#8220;874&#8243; parallax_speed_bg=&#8220;2&#8243; inverse=&#8220;yes&#8220;][vc_column css=&#8220;.vc_custom_1474276738020{margin-bottom: 0.85rem !important;}&#8220;]<div class=\"sc_section margin_bottom_huge\" data-animation=\"animated fadeInUp normal\"><div class=\"sc_section_inner\"><div class=\"sc_section_content_wrap\"><h2 class=\"sc_title sc_title_regular sc_align_center margin_top_huge margin_bottom_null\" style=\"text-align:center;color:#ffffff;\">Pers\u00f6nlich, famili\u00e4r und unkompliziert<\/h2>[vc_empty_space height=&#8220;1.55rem&#8220;]<h6 class=\"sc_title sc_title_regular sc_align_center margin_top_null margin_bottom_small\" style=\"text-align:center;color:#ffffff;\">Das ist H.K. Moeller in Bad Emstal &#8211; Balhorn.<\/h6>[vc_column_text][\/vc_column_text]<\/div><\/div><\/div>[\/vc_column][\/vc_row][vc_row full_width=&#8220;stretch_row&#8220; css=&#8220;.vc_custom_1473768620907{background-color: #f2f3f3 !important;}&#8220;][vc_column css=&#8220;.vc_custom_1474276997987{margin-bottom: 1.25rem !important;}&#8220;]<div id=\"sc_services_193914059_wrap\" class=\"sc_services_wrap\"><div id=\"sc_services_193914059\" class=\"sc_services sc_services_style_services-1 sc_services_type_images  margin_top_large margin_bottom_large\" style=\"width:100%;\" data-animation=\"animated fadeInUp normal\"><h6 class=\"sc_services_subtitle sc_item_subtitle\">UNSER SERVICE<\/h6><h3 class=\"sc_services_title sc_item_title sc_item_title_without_descr\">Schnell, Kundenorientiert und flexibel<\/h3><div class=\"sc_columns columns_wrap\"><div class=\"column-1_3 column_padding_bottom\">\t\t\t<div id=\"sc_services_193914059_1\"\t\t\t\tclass=\"sc_services_item sc_services_item_1 odd first\"\n\t\t\t\t>\n\t\t\t\t\t\t\t\t\t<div class=\"sc_services_item_featured post_featured\">\n\t\t\t\t\t\t\t<div class=\"post_thumb\" data-image=\"https:\/\/moeller.kassel.design\/wp-content\/uploads\/2016\/09\/reifen_service2.jpg\" data-title=\"Reifenservice\">\n\t<a class=\"hover_icon hover_icon_link\" href=\"https:\/\/moeller.kassel.design\/index.php\/services\/reifen_und_raederservice\/\"><img loading=\"lazy\" decoding=\"async\" class=\"wp-post-image\" width=\"370\" height=\"255\" alt=\"Reifenservice\" src=\"https:\/\/moeller.kassel.design\/wp-content\/uploads\/2016\/09\/reifen_service2-370x255.jpg\"><\/a>\t<\/div>\n\t\t\t\t\t\t<\/div>\n\t\t\t\t\t\t\t\t\t<div class=\"sc_services_item_content\">\n\t\t\t\t\t<h4 class=\"sc_services_item_title\"><a href=\"https:\/\/moeller.kassel.design\/index.php\/services\/reifen_und_raederservice\/\">Reifenservice<\/a><\/h4>\n\t\t\t\t\t<div class=\"sc_services_item_description\">\n\t\t\t\t\t\t<p>Schnellservice \u2013 ohne Voranmeldung. Wir wechseln Ihre Reifen &#038; lagern sie fachgerecht ein. Damit Sie sicher unterwegs sind.<\/p><a href=\"https:\/\/moeller.kassel.design\/index.php\/services\/reifen_und_raederservice\/\" class=\"sc_button sc_button_square sc_button_style_filled_dark sc_button_size_small\">Mehr erfahren<\/a>\t\t\t\t\t<\/div>\n\t\t\t\t<\/div>\n\t\t\t<\/div>\n\t\t<\/div><div class=\"column-1_3 column_padding_bottom\">\t\t\t<div id=\"sc_services_193914059_2\"\t\t\t\tclass=\"sc_services_item sc_services_item_2 even\"\n\t\t\t\t>\n\t\t\t\t\t\t\t\t\t<div class=\"sc_services_item_featured post_featured\">\n\t\t\t\t\t\t\t<div class=\"post_thumb\" data-image=\"https:\/\/moeller.kassel.design\/wp-content\/uploads\/2016\/09\/fahrrad_service2b.jpg\" data-title=\"Fahrr\u00e4der &#038; E-Bikes\">\n\t<a class=\"hover_icon hover_icon_link\" href=\"https:\/\/moeller.kassel.design\/index.php\/services\/deliver-install\/\"><img loading=\"lazy\" decoding=\"async\" class=\"wp-post-image\" width=\"370\" height=\"255\" alt=\"Fahrr\u00e4der &#038; E-Bikes\" src=\"https:\/\/moeller.kassel.design\/wp-content\/uploads\/2016\/09\/fahrrad_service2b-370x255.jpg\"><\/a>\t<\/div>\n\t\t\t\t\t\t<\/div>\n\t\t\t\t\t\t\t\t\t<div class=\"sc_services_item_content\">\n\t\t\t\t\t<h4 class=\"sc_services_item_title\"><a href=\"https:\/\/moeller.kassel.design\/index.php\/services\/deliver-install\/\">Fahrr\u00e4der &#038; E-Bikes<\/a><\/h4>\n\t\t\t\t\t<div class=\"sc_services_item_description\">\n\t\t\t\t\t\t<p>Wir sind Ihr Spezialist f\u00fcr E-Bikes und Pedelecs. Bei uns finden Sie moderne und hochwertige R\u00e4der von f\u00fchrenden Herstellern.<\/p><a href=\"https:\/\/moeller.kassel.design\/index.php\/services\/deliver-install\/\" class=\"sc_button sc_button_square sc_button_style_filled_dark sc_button_size_small\">Mehr erfahren<\/a>\t\t\t\t\t<\/div>\n\t\t\t\t<\/div>\n\t\t\t<\/div>\n\t\t<\/div><div class=\"column-1_3 column_padding_bottom\">\t\t\t<div id=\"sc_services_193914059_3\"\t\t\t\tclass=\"sc_services_item sc_services_item_3 odd\"\n\t\t\t\t>\n\t\t\t\t\t\t\t\t\t<div class=\"sc_services_item_featured post_featured\">\n\t\t\t\t\t\t\t<div class=\"post_thumb\" data-image=\"https:\/\/moeller.kassel.design\/wp-content\/uploads\/2016\/09\/hu_service2.jpg\" data-title=\"T\u00e4glich T\u00dcV (HU)\">\n\t<a class=\"hover_icon hover_icon_link\" href=\"https:\/\/moeller.kassel.design\/index.php\/services\/service-repairs\/\"><img loading=\"lazy\" decoding=\"async\" class=\"wp-post-image\" width=\"370\" height=\"255\" alt=\"T\u00e4glich T\u00dcV (HU)\" src=\"https:\/\/moeller.kassel.design\/wp-content\/uploads\/2016\/09\/hu_service2-370x255.jpg\"><\/a>\t<\/div>\n\t\t\t\t\t\t<\/div>\n\t\t\t\t\t\t\t\t\t<div class=\"sc_services_item_content\">\n\t\t\t\t\t<h4 class=\"sc_services_item_title\"><a href=\"https:\/\/moeller.kassel.design\/index.php\/services\/service-repairs\/\">T\u00e4glich T\u00dcV (HU)<\/a><\/h4>\n\t\t\t\t\t<div class=\"sc_services_item_description\">\n\t\t\t\t\t\t<p>Wir bieten Ihnen an 5 Tagen in der Woche, von Mo. &#8211; Fr., unsere Hauptuntersuchungen an. Die AU sogar t\u00e4glich, zu jeder Zeit.<\/p><a href=\"https:\/\/moeller.kassel.design\/index.php\/services\/service-repairs\/\" class=\"sc_button sc_button_square sc_button_style_filled_dark sc_button_size_small\">Mehr erfahren<\/a>\t\t\t\t\t<\/div>\n\t\t\t\t<\/div>\n\t\t\t<\/div>\n\t\t<\/div><\/div><\/div><!-- \/.sc_services --><\/div><!-- \/.sc_services_wrap -->[\/vc_column][\/vc_row][vc_row][vc_column]<div class=\"sc_section\"><div class=\"sc_section_inner\"><h6 class=\"sc_section_subtitle sc_item_subtitle\">IHRE VORTEILE<\/h6><h3 class=\"sc_section_title sc_item_title sc_item_title_without_descr\">DAS SPRICHT F\u00dcR UNS<\/h3><div class=\"sc_section_content_wrap\"><\/div><\/div><\/div>[\/vc_column][\/vc_row][vc_row][vc_column width=&#8220;1\/3&#8243;]<h4 class=\"sc_title sc_title_regular\">RENAULT Vertragspartner seit \u00fcber 30 Jahren<\/h4>[vc_column_text]<\/p>\n<div class=\"sc_services_item_content\">\n<p class=\"sc_services_item_title\">Vertrauen Sie auf unser Unternehmen und unsere langj\u00e4hrige Erfahrung.<\/p>\n<\/div>\n<p>[\/vc_column_text]<h4 class=\"sc_title sc_title_regular\">Reparaturen aller Fahrzeugmarken<\/h4>[vc_column_text]<\/p>\n<div class=\"sc_services_item_content\">\n<p class=\"sc_services_item_title\">Kompetente und schnelle Werkstattleistungen mit modernsten Ger\u00e4ten.<\/p>\n<\/div>\n<p>[\/vc_column_text][\/vc_column][vc_column width=&#8220;1\/3&#8243;][vc_empty_space][vc_single_image image=&#8220;854&#8243; img_size=&#8220;medium&#8220; alignment=&#8220;center&#8220;][vc_empty_space][\/vc_column][vc_column width=&#8220;1\/3&#8243;]<h4 class=\"sc_title sc_title_regular\">Sieben Sterne Qualit\u00e4t f\u00fcr Gebrauchte<\/h4>[vc_column_text]<\/p>\n<p style=\"text-align: left;\">Sieben gute Gr\u00fcnde einen Gebrauchten bei Heinrich K. M\u00f6ller zu kaufen.<\/p>\n<p>[\/vc_column_text]<h4 class=\"sc_title sc_title_regular\">Unsere Kunden bleiben mobil<\/h4>[vc_column_text]Mit Ersatzwagen zum kleinen Preis oder einem Leih-Fahrrad gratis.[\/vc_column_text][\/vc_column][\/vc_row][vc_row][vc_column][vc_empty_space][\/vc_column][\/vc_row][vc_row full_width=&#8220;stretch_row&#8220; inverse=&#8220;yes&#8220; el_class=&#8220;row-in&#8220; css=&#8220;.vc_custom_1662943355850{background-image: url(https:\/\/moeller.kassel.design\/wp-content\/uploads\/2022\/09\/parallax_2_hk_moeller04.jpg?id=895) !important;background-position: center !important;background-repeat: no-repeat !important;background-size: cover !important;}&#8220;][vc_column css=&#8220;.vc_custom_1474034149683{margin-top: 2.55rem !important;margin-bottom: 4.2rem !important;}&#8220;]<div class=\"sc_section\"><div class=\"sc_section_inner\"><div class=\"sc_section_content_wrap\"><div class=\"columns_wrap sc_columns columns_nofluid sc_columns_count_2\" data-equal-height=\".sc_column_item\"><div class=\"column-1_2 sc_column_item sc_column_item_1 odd first\" data-animation=\"animated fadeInLeft normal\"><div class=\"sc_section sc_section_block margin_top_huge margin_bottom_huge margin_left_large\"><div class=\"sc_section_inner\"><div class=\"sc_section_content_wrap\"><div id=\"sc_call_to_action_1430658810\" class=\"sc_call_to_action sc_call_to_action_style_1 sc_call_to_action_align_left\" style=\"width:100%;\"><div class=\"sc_call_to_action_info\"><h2 class=\"sc_call_to_action_title sc_item_title sc_item_title_without_descr\">Die Renault Modelle<\/h2><div class=\"sc_call_to_action_descr sc_item_descr\">Fragen Sie nach unseren attraktiven Preisen, Leasing- und Finanzierungsangeboten. Wir beraten Sie gerne und unterbreiten Ihnen ein ma\u00dfgeschneidertes Angebot!<\/div><\/div><\/div>[vc_empty_space height=&#8220;0.5rem&#8220;]<a href=\"\/index.php\/modelle\/\" class=\"sc_button sc_button_square sc_button_style_filled_light sc_button_size_large margin_top_small\">Modelle ansehen<\/a><\/div><\/div><\/div><\/div><div class=\"column-1_2 sc_column_item sc_column_item_2 even\" data-animation=\"animated fadeInRight normal\"><div class=\"sc_section sc_section_block margin_top_huge margin_bottom_huge margin_left_huge\"><div class=\"sc_section_inner\"><div class=\"sc_section_content_wrap\"><div id=\"sc_call_to_action_1309433873\" class=\"sc_call_to_action sc_call_to_action_style_1 sc_call_to_action_align_left\" style=\"width:100%;\"><div class=\"sc_call_to_action_info\"><h2 class=\"sc_call_to_action_title sc_item_title sc_item_title_without_descr\">Unsere Gebrauchtwagen<\/h2><div class=\"sc_call_to_action_descr sc_item_descr\">Sie finden alle unsere verf\u00fcgbaren Gebrauchtwagen auf www.autoscout24.de.<\/div><\/div><\/div>[vc_empty_space height=&#8220;0.5rem&#8220;]<a href=\"https:\/\/www.autoscout24.de\/haendler\/autohaus-h-k-moeller\" target=\"https:\/\/www.autoscout24.de\/haendler\/autohaus-h-k-moeller\" class=\"sc_button sc_button_square sc_button_style_filled_light_hover sc_button_size_large margin_top_small\">autoscout24.de<\/a><\/div><\/div><\/div><\/div><\/div><\/div><\/div><\/div>[\/vc_column][\/vc_row][vc_row][vc_column css=&#8220;.vc_custom_1474278076493{margin-top: 0.8rem !important;margin-bottom: 0.9rem !important;}&#8220;]<div class=\"sc_section sc_section_block margin_top_huge margin_bottom_huge\"><div class=\"sc_section_inner\"><div class=\"sc_section_content_wrap\"><div class=\"columns_wrap sc_columns columns_nofluid sc_columns_count_2\"><div class=\"column-1_2 sc_column_item sc_column_item_1 odd first\" data-animation=\"animated fadeInLeft normal\"><div  class=\"sc_intro\" style=\"background: url(https:\/\/moeller.kassel.design\/wp-content\/uploads\/2022\/09\/moeller_acautocheck02.jpg);\"><div class=\"sc_intro_inner  sc_intro_style_4\"><div class=\"sc_intro_content\"><h2 class=\"sc_intro_title\">AC AUTO CHECK Partner<\/h2><div class=\"sc_intro_descr\">Fachgerechte Reparatur und umfassenden Service zu fairen Preisen.<\/div><\/div><\/div><\/div><\/div><div class=\"column-1_2 sc_column_item sc_column_item_2 even\" data-animation=\"animated fadeInRight normal\"><div  class=\"sc_intro\" style=\"background: url(https:\/\/moeller.kassel.design\/wp-content\/uploads\/2022\/09\/moeller_ksautoglass.jpg);\"><div class=\"sc_intro_inner  sc_intro_style_4\"><div class=\"sc_intro_content\"><h2 class=\"sc_intro_title\">KS Autoglas St\u00fctzpunkt<\/h2><div class=\"sc_intro_descr\">KFZ-Glas aller Art f\u00fcr alle Marken! Kooperation mit fast allen Versicherungen.<\/div><\/div><\/div><\/div><\/div><\/div><\/div><\/div><\/div>[\/vc_column][\/vc_row][vc_row full_width=&#8220;stretch_row&#8220; parallax=&#8220;content-moving&#8220; parallax_image=&#8220;879&#8243; inverse=&#8220;yes&#8220;][vc_column css=&#8220;.vc_custom_1474021578331{margin-bottom: 0.75rem !important;}&#8220;]<div class=\"sc_section margin_top_large margin_bottom_huge aligncenter\" data-animation=\"animated fadeInUp normal\" style=\"max-width: 630px;\"><div class=\"sc_section_inner\"><div class=\"sc_section_content_wrap\"><h2 class=\"sc_title sc_title_regular sc_align_center\" style=\"margin-top: 2.32em;line-height: 1.2;margin-bottom: 1.95rem;text-align:center;color:#ffffff;\">Renault erleben und mehr erfahren<\/h2><video class=\"sc_video\" src=\"https:\/\/youtube.com\/embed\/w6avKZsBSuE\" width=\"630\" height=\"350\" data-width=\"630\" data-height=\"350\" data-ratio=\"16:9\" poster=\"https:\/\/moeller.kassel.design\/wp-content\/uploads\/2022\/08\/RenaultMeganeETech-630x350.jpg\" data-image=\"https:\/\/moeller.kassel.design\/wp-content\/uploads\/2022\/08\/RenaultMeganeETech-630x350.jpg\" data-class=\"margin_bottom_small\" style=\"width:630px;height:350px;\" autoplay=\"autoplay\" controls=\"controls\" loop=\"loop\"><\/video><h6 class=\"sc_title sc_title_regular\" style=\"margin: 1.85em auto 1.6em;max-width: 500px;line-height: 1.5;color:#ffffff;\"><span class=\"style-scope yt-formatted-string\" dir=\"auto\">Wir pr\u00e4sentieren, den neuen Renault Megane E-Tech 100 % elektrisch, 100 % Hightech, 100 % Sensation. Stolz entwickelt in Europa, nicht in Kalifornien. Sorry. <\/span><\/h6><a href=\"https:\/\/www.youtube.com\/user\/RenaultDE\" target=\"https:\/\/www.youtube.com\/user\/RenaultDE\" class=\"sc_button sc_button_square sc_button_style_filled_light_hover sc_button_size_large\">Renault YouTube Channel<\/a><\/div><\/div><\/div>[\/vc_column][\/vc_row]<\/p>\n","protected":false},"excerpt":{"rendered":"<p>[vc_row full_width=&#8220;stretch_row_content_no_spaces&#8220;][vc_column][\/vc_column][\/vc_row][vc_row css=&#8220;.vc_custom_1474275685317{margin-top: 6.95rem !important;margin-bottom: 7rem !important;}&#8220;][vc_column css=&#8220;.vc_custom_1474275433026{background-image: url(https:\/\/moeller.kassel.design\/wp-content\/uploads\/2022\/09\/hk_moeller_promo.jpg?id=565) !important;background-position: 0 0 !important;background-repeat: no-repeat !important;}&#8220;][vc_empty_space height=&#8220;84px&#8220;][\/vc_column][\/vc_row][vc_row full_width=&#8220;stretch_row&#8220; parallax=&#8220;content-moving&#8220; parallax_image=&#8220;874&#8243; parallax_speed_bg=&#8220;2&#8243; inverse=&#8220;yes&#8220;][vc_column css=&#8220;.vc_custom_1474276738020{margin-bottom: 0.85rem !important;}&#8220;][\/vc_column][\/vc_row][vc_row full_width=&#8220;stretch_row&#8220; css=&#8220;.vc_custom_1473768620907{background-color: #f2f3f3 !important;}&#8220;][vc_column css=&#8220;.vc_custom_1474276997987{margin-bottom: 1.25rem !important;}&#8220;][\/vc_column][\/vc_row][vc_row][vc_column][\/vc_column][\/vc_row][vc_row][vc_column width=&#8220;1\/3&#8243;][vc_column_text] Vertrauen Sie auf unser Unternehmen und unsere langj\u00e4hrige Erfahrung. [\/vc_column_text][vc_column_text] Kompetente und schnelle Werkstattleistungen mit modernsten Ger\u00e4ten. [\/vc_column_text][\/vc_column][vc_column width=&#8220;1\/3&#8243;][vc_empty_space][vc_single_image image=&#8220;854&#8243; img_size=&#8220;medium&#8220; alignment=&#8220;center&#8220;][vc_empty_space][\/vc_column][vc_column width=&#8220;1\/3&#8243;][vc_column_text][&hellip;]<\/p>\n","protected":false},"author":1,"featured_media":0,"parent":0,"menu_order":0,"comment_status":"closed","ping_status":"closed","template":"","meta":{"footnotes":""},"class_list":["post-326","page","type-page","status-publish","hentry"],"_links":{"self":[{"href":"https:\/\/moeller.kassel.design\/index.php\/wp-json\/wp\/v2\/pages\/326"}],"collection":[{"href":"https:\/\/moeller.kassel.design\/index.php\/wp-json\/wp\/v2\/pages"}],"about":[{"href":"https:\/\/moeller.kassel.design\/index.php\/wp-json\/wp\/v2\/types\/page"}],"author":[{"embeddable":true,"href":"https:\/\/moeller.kassel.design\/index.php\/wp-json\/wp\/v2\/users\/1"}],"replies":[{"embeddable":true,"href":"https:\/\/moeller.kassel.design\/index.php\/wp-json\/wp\/v2\/comments?post=326"}],"version-history":[{"count":124,"href":"https:\/\/moeller.kassel.design\/index.php\/wp-json\/wp\/v2\/pages\/326\/revisions"}],"predecessor-version":[{"id":1544,"href":"https:\/\/moeller.kassel.design\/index.php\/wp-json\/wp\/v2\/pages\/326\/revisions\/1544"}],"wp:attachment":[{"href":"https:\/\/moeller.kassel.design\/index.php\/wp-json\/wp\/v2\/media?parent=326"}],"curies":[{"name":"wp","href":"https:\/\/api.w.org\/{rel}","templated":true}]}}