{"id":281,"date":"2016-09-13T12:27:13","date_gmt":"2016-09-13T12:27:13","guid":{"rendered":"https:\/\/moeller.kassel.design\/?page_id=281"},"modified":"2022-11-29T10:10:49","modified_gmt":"2022-11-29T10:10:49","slug":"news","status":"publish","type":"page","link":"https:\/\/moeller.kassel.design\/index.php\/news\/","title":{"rendered":"NEWS"},"content":{"rendered":"<p>[vc_row][vc_column width=&#8220;1\/2&#8243; css=&#8220;.vc_custom_1474037280205{margin-bottom: 3.6rem !important;}&#8220;][vc_empty_space height=&#8220;94px&#8220;]<div id=\"sc_slider_781481204\" class=\"sc_slider sc_slider_swiper swiper-slider-container sc_slider_nocontrols sc_slider_pagination sc_slider_bg\" data-interval=\"4000\" style=\"width:100%;\"><div class=\"slides swiper-wrapper\" style=\"\"><div class=\"swiper-slide\" style=\"background-image:url(https:\/\/moeller.kassel.design\/wp-content\/uploads\/2016\/09\/hu_service2.jpg);width:100%;\"><\/div><div class=\"swiper-slide\" style=\"background-image:url(https:\/\/moeller.kassel.design\/wp-content\/uploads\/revslider\/slider-2\/slider2_11.jpg);width:100%;\"><\/div><\/div><div class=\"sc_slider_pagination_wrap\"><\/div><\/div>[\/vc_column][vc_column width=&#8220;1\/2&#8243;]<h4 class=\"sc_title sc_title_underline\">REIFEN- UND R\u00c4DERSERVICE<\/h4><span class=\"sc_highlight\" style=\"color:#1792d7;\">Montag, 28. November 2022<\/span>[vc_empty_space height=&#8220;15px&#8220;][vc_column_text]Schnellservice \u2013 ohne Voranmeldung. Wir wechseln Ihre Reifen und lagern sie fachgerecht ein. Damit Sie sicher unterwegs sind \u2013 das ganze Jahr.<\/p>\n<p>Falls Sie es bis jetzt noch nicht geschafft haben (&#8222;Von O bis O oder 7-Grad-Regel&#8220;), dann sprechen Sie uns jederzeit gerne an.<span id=\"hs_cos_wrapper_name\" class=\"hs_cos_wrapper hs_cos_wrapper_meta_field hs_cos_wrapper_type_text\" data-hs-cos-general-type=\"meta_field\" data-hs-cos-type=\"text\"><\/span>[\/vc_column_text][vc_empty_space height=&#8220;15px&#8220;]<a href=\"https:\/\/moeller.kassel.design\/index.php\/kontakt\/\" class=\"sc_button sc_button_square sc_button_style_filled_light sc_button_size_small\" style=\"background-color:#fbc316; border-color:#fbc316;\">Mehr unter KONTAKT<\/a>[\/vc_column][\/vc_row][vc_row][vc_column width=&#8220;1\/2&#8243; css=&#8220;.vc_custom_1474037280205{margin-bottom: 3.6rem !important;}&#8220;][vc_empty_space height=&#8220;94px&#8220;]<div id=\"sc_slider_1659294983\" class=\"sc_slider sc_slider_swiper swiper-slider-container sc_slider_nocontrols sc_slider_pagination sc_slider_bg\" data-interval=\"4000\" style=\"width:100%;\"><div class=\"slides swiper-wrapper\" style=\"\"><div class=\"swiper-slide\" style=\"background-image:url(https:\/\/moeller.kassel.design\/wp-content\/uploads\/2022\/10\/Fahrrad_HK_Moeller01.jpg);width:100%;\"><\/div><div class=\"swiper-slide\" style=\"background-image:url(https:\/\/moeller.kassel.design\/wp-content\/uploads\/2022\/10\/Fahrrad_HK_Moeller02.jpg);width:100%;\"><\/div><\/div><div class=\"sc_slider_pagination_wrap\"><\/div><\/div>[\/vc_column][vc_column width=&#8220;1\/2&#8243;]<h4 class=\"sc_title sc_title_underline\">BIKESTORE M\u00d6LLER<\/h4><span class=\"sc_highlight\" style=\"color:#1792d7;\">Donnerstag, 24. November 2022<\/span>[vc_empty_space height=&#8220;15px&#8220;][vc_column_text]<span class=\"x193iq5w xeuugli x13faqbe x1vvkbs xlh3980 xvmahel x1n0sxbx x1lliihq x1s928wv xhkezso x1gmr53x x1cpjm7i x1fgarty x1943h6x xudqn12 x3x7a5m x6prxxf xvq8zen xo1l8bm xzsf02u x1yc453h\" dir=\"auto\">Wir stehen wie gewohnt f\u00fcr euch zu unseren bekannten \u00d6ffnungszeiten in Bad Emstal f\u00fcr Beratungsgespr\u00e4che und Probefahrten zur Verf\u00fcgung. <\/span><\/p>\n<p><span class=\"x193iq5w xeuugli x13faqbe x1vvkbs xlh3980 xvmahel x1n0sxbx x1lliihq x1s928wv xhkezso x1gmr53x x1cpjm7i x1fgarty x1943h6x xudqn12 x3x7a5m x6prxxf xvq8zen xo1l8bm xzsf02u x1yc453h\" dir=\"auto\">In Naumburg haben wir bis zum M\u00e4rz 2023 nur Samstags ge\u00f6ffnet. Auf Wunsch sind hier aber auch andere Termine nach Vereinbarung m\u00f6glich.<\/span> Wir freuen uns auf euch.[\/vc_column_text][vc_empty_space height=&#8220;15px&#8220;]<a href=\"https:\/\/www.facebook.com\/people\/BIKE-STORE-M%C3%B6ller\/100069053259345\/\" target=\"https:\/\/www.facebook.com\/people\/BIKE-STORE-M%C3%B6ller\/100069053259345\/\" class=\"sc_button sc_button_square sc_button_style_filled_light sc_button_size_small  sc_button_iconed icon-facebook\" style=\"background-color:#fbc316; border-color:#fbc316;\">BIKESTORE M\u00d6LLER AUF FACEBOOK<\/a>[\/vc_column][\/vc_row][vc_row][vc_column][vc_empty_space height=&#8220;64px&#8220;][\/vc_column][\/vc_row]<\/p>\n","protected":false},"excerpt":{"rendered":"<p>[vc_row][vc_column width=&#8220;1\/2&#8243; css=&#8220;.vc_custom_1474037280205{margin-bottom: 3.6rem !important;}&#8220;][vc_empty_space height=&#8220;94px&#8220;][\/vc_column][vc_column width=&#8220;1\/2&#8243;][vc_empty_space height=&#8220;15px&#8220;][vc_column_text]Schnellservice \u2013 ohne Voranmeldung. Wir wechseln Ihre Reifen und lagern sie fachgerecht ein. Damit Sie sicher unterwegs sind \u2013 das ganze Jahr. Falls Sie es bis jetzt noch nicht geschafft haben (&#8222;Von O bis O oder 7-Grad-Regel&#8220;), dann sprechen Sie uns jederzeit gerne an.[\/vc_column_text][vc_empty_space height=&#8220;15px&#8220;][\/vc_column][\/vc_row][vc_row][vc_column width=&#8220;1\/2&#8243; css=&#8220;.vc_custom_1474037280205{margin-bottom: 3.6rem [&hellip;]<\/p>\n","protected":false},"author":1,"featured_media":0,"parent":0,"menu_order":0,"comment_status":"closed","ping_status":"closed","template":"","meta":{"footnotes":""},"class_list":["post-281","page","type-page","status-publish","hentry"],"_links":{"self":[{"href":"https:\/\/moeller.kassel.design\/index.php\/wp-json\/wp\/v2\/pages\/281"}],"collection":[{"href":"https:\/\/moeller.kassel.design\/index.php\/wp-json\/wp\/v2\/pages"}],"about":[{"href":"https:\/\/moeller.kassel.design\/index.php\/wp-json\/wp\/v2\/types\/page"}],"author":[{"embeddable":true,"href":"https:\/\/moeller.kassel.design\/index.php\/wp-json\/wp\/v2\/users\/1"}],"replies":[{"embeddable":true,"href":"https:\/\/moeller.kassel.design\/index.php\/wp-json\/wp\/v2\/comments?post=281"}],"version-history":[{"count":14,"href":"https:\/\/moeller.kassel.design\/index.php\/wp-json\/wp\/v2\/pages\/281\/revisions"}],"predecessor-version":[{"id":1550,"href":"https:\/\/moeller.kassel.design\/index.php\/wp-json\/wp\/v2\/pages\/281\/revisions\/1550"}],"wp:attachment":[{"href":"https:\/\/moeller.kassel.design\/index.php\/wp-json\/wp\/v2\/media?parent=281"}],"curies":[{"name":"wp","href":"https:\/\/api.w.org\/{rel}","templated":true}]}}