{"id":257,"date":"2016-09-13T11:25:23","date_gmt":"2016-09-13T11:25:23","guid":{"rendered":"https:\/\/moeller.kassel.design\/?page_id=257"},"modified":"2024-07-22T07:50:45","modified_gmt":"2024-07-22T07:50:45","slug":"service","status":"publish","type":"page","link":"https:\/\/moeller.kassel.design\/index.php\/service\/","title":{"rendered":"Service"},"content":{"rendered":"<p>[vc_row][vc_column]<div class=\"sc_section sc_section_block \"><div class=\"sc_section_inner\"><div class=\"sc_section_content_wrap\">[vc_column_text]<\/p>\n<h2>Unsere Leistungen<\/h2>\n<ul>\n<li>Gebrauchtwagengarantie, von Meisterhand gepr\u00fcft<\/li>\n<li>HU und AU neu bei Auslieferung<\/li>\n<li>Versicherungs-Service<\/li>\n<li>Zulassungsservice (auch f\u00fcr Export)<\/li>\n<li>g\u00fcnstige Finanzierung, Inzahlungnahme<\/li>\n<li>Probefahrt nach Vereinbarung<\/li>\n<\/ul>\n<p>[\/vc_column_text][vc_empty_space][vc_separator border_width=&#8220;2&#8243;]<\/div><\/div><\/div>[\/vc_column][\/vc_row][vc_row][vc_column]<div class=\"sc_section sc_section_block \"><div class=\"sc_section_inner\"><div class=\"sc_section_content_wrap\">[vc_column_text]<\/p>\n<h2>Unsere Sofort-Leistungen<\/h2>\n<ul>\n<li>\u00d6lwechsel<\/li>\n<li>Auspuff<\/li>\n<li>Sto\u00dfd\u00e4mpfer<\/li>\n<li>Reifen<\/li>\n<li>Bremsen<\/li>\n<\/ul>\n<p>[\/vc_column_text][vc_empty_space][vc_separator border_width=&#8220;2&#8243;]<\/div><\/div><\/div>[\/vc_column][\/vc_row][vc_row][vc_column]<div class=\"sc_section sc_section_block \"><div class=\"sc_section_inner\"><div class=\"sc_section_content_wrap\">[vc_column_text]<\/p>\n<h2>Unser Service f\u00fcr Sie<\/h2>\n<ul>\n<li>Klimaanlagenservice<\/li>\n<li>Werkstatt-Ersatzwagen<\/li>\n<li>Reifenservice (Wechsel &amp; Einlagerung)<\/li>\n<li>HU und AU*<\/li>\n<li>Abschlepp-Service<\/li>\n<li>Karosseriereparatur<\/li>\n<li>Servicevertr\u00e4ge<\/li>\n<li>Altfahrzeugannahme<\/li>\n<\/ul>\n<p>[\/vc_column_text][vc_empty_space][vc_separator border_width=&#8220;2&#8243;]<\/div><\/div><\/div>[\/vc_column][\/vc_row][vc_row][vc_column]<div class=\"sc_section sc_section_block \"><div class=\"sc_section_inner\"><div class=\"sc_section_content_wrap\">[vc_column_text]<\/p>\n<h2>Komplett-Service nach dem Kauf<\/h2>\n<ul>\n<li>Reparaturen und Wartung aller Fabrikate<\/li>\n<li>Reifenservice und Verkauf<\/li>\n<li>HU und AU* Abnahme im Haus<\/li>\n<li>Original- Ersatzteil- und Zubeh\u00f6rverkauf<\/li>\n<li>Leihwagen Service<\/li>\n<\/ul>\n<p>[\/vc_column_text][vc_empty_space][vc_separator border_width=&#8220;2&#8243;]<\/div><\/div><\/div>[\/vc_column][\/vc_row][vc_row][vc_column]<div class=\"sc_section sc_section_block \"><div class=\"sc_section_inner\"><div class=\"sc_section_content_wrap\">[vc_column_text]<\/p>\n<h2>* Unsere HU &amp; AU Servicezeiten<\/h2>\n<p><big><big><\/big><\/big><big>AU: T\u00e4glich zu jeder Zeit<br \/>\nHU-Pr\u00fcfungen:<br \/>\nMontags 12:30 Uhr<br \/>\nDienstags 11:00 Uhr<br \/>\nMittwochs 9:30 Uhr<br \/>\nDonnerstags 8:30 Uhr<br \/>\nFreitags 8:30 Uhr<\/big><\/p>\n<p><big>Wir bieten Ihnen an 5 Tagen in der Woche, von Mo. \u2013 Fr., unsere Hauptuntersuchungen an. Die AU sogar t\u00e4glich, zu jeder Zeit.<br \/>\n<\/big>[\/vc_column_text][vc_empty_space][vc_separator border_width=&#8220;2&#8243;][vc_empty_space height=&#8220;64px&#8220;]<\/div><\/div><\/div>[\/vc_column][\/vc_row][vc_row][vc_column css=&#8220;.vc_custom_1474015450050{margin-bottom: 0.5rem !important;}&#8220;][vc_single_image image=&#8220;1368&#8243; img_size=&#8220;large&#8220;]<h5 class=\"sc_title sc_title_regular\">7 Sterne Qualit\u00e4t f\u00fcr Gebrauchte \u2013<br \/>\nSieben gute Gr\u00fcnde einen Gebrauchten bei Heinrich K. M\u00f6ller zu kaufen!<\/h5>[vc_empty_space height=&#8220;7px&#8220;][vc_column_text]<\/p>\n<ol>\n<li>Funktions-Check durch Renault Pr\u00fcfprogramm<\/li>\n<li>Probefahrt selbstverst\u00e4ndlich<\/li>\n<li>Gebrauchtwagen Garantie 12 oder 24 Monate<\/li>\n<li>Mobilit\u00e4tsgarantie<\/li>\n<li>Renault Vertrauens-Pass<\/li>\n<li>Renault Bank Finanzierung<\/li>\n<li>HU und AU neu<\/li>\n<\/ol>\n<p>[\/vc_column_text][vc_empty_space][\/vc_column][\/vc_row]<\/p>\n","protected":false},"excerpt":{"rendered":"<p>[vc_row][vc_column][\/vc_column][\/vc_row][vc_row][vc_column][\/vc_column][\/vc_row][vc_row][vc_column][\/vc_column][\/vc_row][vc_row][vc_column][\/vc_column][\/vc_row][vc_row][vc_column][\/vc_column][\/vc_row][vc_row][vc_column css=&#8220;.vc_custom_1474015450050{margin-bottom: 0.5rem !important;}&#8220;][vc_single_image image=&#8220;1368&#8243; img_size=&#8220;large&#8220;][vc_empty_space height=&#8220;7px&#8220;][vc_column_text] Funktions-Check durch Renault Pr\u00fcfprogramm Probefahrt selbstverst\u00e4ndlich Gebrauchtwagen Garantie 12 oder 24 Monate Mobilit\u00e4tsgarantie Renault Vertrauens-Pass Renault Bank Finanzierung HU und AU neu [\/vc_column_text][vc_empty_space][\/vc_column][\/vc_row]<\/p>\n","protected":false},"author":1,"featured_media":0,"parent":0,"menu_order":0,"comment_status":"closed","ping_status":"closed","template":"","meta":{"footnotes":""},"class_list":["post-257","page","type-page","status-publish","hentry"],"_links":{"self":[{"href":"https:\/\/moeller.kassel.design\/index.php\/wp-json\/wp\/v2\/pages\/257"}],"collection":[{"href":"https:\/\/moeller.kassel.design\/index.php\/wp-json\/wp\/v2\/pages"}],"about":[{"href":"https:\/\/moeller.kassel.design\/index.php\/wp-json\/wp\/v2\/types\/page"}],"author":[{"embeddable":true,"href":"https:\/\/moeller.kassel.design\/index.php\/wp-json\/wp\/v2\/users\/1"}],"replies":[{"embeddable":true,"href":"https:\/\/moeller.kassel.design\/index.php\/wp-json\/wp\/v2\/comments?post=257"}],"version-history":[{"count":34,"href":"https:\/\/moeller.kassel.design\/index.php\/wp-json\/wp\/v2\/pages\/257\/revisions"}],"predecessor-version":[{"id":1638,"href":"https:\/\/moeller.kassel.design\/index.php\/wp-json\/wp\/v2\/pages\/257\/revisions\/1638"}],"wp:attachment":[{"href":"https:\/\/moeller.kassel.design\/index.php\/wp-json\/wp\/v2\/media?parent=257"}],"curies":[{"name":"wp","href":"https:\/\/api.w.org\/{rel}","templated":true}]}}