{"id":237,"date":"2016-09-13T09:49:10","date_gmt":"2016-09-13T09:49:10","guid":{"rendered":"https:\/\/moeller.kassel.design\/?page_id=237"},"modified":"2022-11-27T16:44:53","modified_gmt":"2022-11-27T16:44:53","slug":"gartentechnik","status":"publish","type":"page","link":"https:\/\/moeller.kassel.design\/index.php\/gartentechnik\/","title":{"rendered":"Gartentechnik"},"content":{"rendered":"<p>[vc_row][vc_column]<div class=\"sc_section sc_section_block \"><div class=\"sc_section_inner\"><div class=\"sc_section_content_wrap\">[vc_column_text]<\/p>\n<h2>LANDMASCHINEN &amp; GARTENTECHNIK<\/h2>\n<p><big>Wir f\u00fchren Landmaschinen und Gartenger\u00e4te verschiedenster Hersteller. Selbstverst\u00e4ndlich k\u00f6nnen wir Ihnen auch Ersatzteile und Zubeh\u00f6r anbieten. <\/big><\/p>\n<p><big>Um die Lebensdauer Ihrer Ger\u00e4te zu verl\u00e4ngern, ist eine regelm\u00e4\u00dfige Wartung notwendig.<br \/>\nAuch Ihre Garten- und Kleinger\u00e4te werden in unserer hauseigenen Werkstatt, durch speziell hierf\u00fcr geschulte Mitarbeiter, gewartet und repariert.<\/big>[\/vc_column_text]<\/div><\/div><\/div>[vc_empty_space height=&#8220;7px&#8220;][\/vc_column][\/vc_row][vc_row][vc_column][vc_empty_space][\/vc_column][\/vc_row][vc_row][vc_column]<div id=\"sc_clients_832025401_wrap\" class=\"sc_clients_wrap\"><div id=\"sc_clients_832025401\" class=\"sc_clients sc_clients_style_clients-1 \" style=\"width:100%;\"><div class=\"sc_slider_swiper swiper-slider-container sc_slider_nopagination sc_slider_nocontrols\" data-interval=\"2000\" data-slides-per-view=\"4\" data-slides-min-width=\"100\"><div class=\"slides swiper-wrapper\"><div class=\"swiper-slide\" data-style=\"width:100%;\" style=\"width:100%;\">\t\t\t<div id=\"sc_clients_832025401_1\" class=\"sc_clients_item sc_clients_item_1 odd first\">\n\t\t\t\t\t\t\t\t<div class=\"sc_client_image\"><img decoding=\"async\" class=\"wp-post-image\" alt=\"Herkules\" src=\"https:\/\/moeller.kassel.design\/wp-content\/uploads\/2016\/09\/Herkules_Garten2.png\"><\/div>\n\t\t\t\t\t\t\t<\/div>\n\t\t<\/div><div class=\"swiper-slide\" data-style=\"width:100%;\" style=\"width:100%;\">\t\t\t<div id=\"sc_clients_832025401_2\" class=\"sc_clients_item sc_clients_item_2 even\">\n\t\t\t\t\t\t\t\t<div class=\"sc_client_image\"><img decoding=\"async\" class=\"wp-post-image\" alt=\"Toro\" src=\"https:\/\/moeller.kassel.design\/wp-content\/uploads\/2016\/09\/toro-logo-red-RGB.png\"><\/div>\n\t\t\t\t\t\t\t<\/div>\n\t\t<\/div><div class=\"swiper-slide\" data-style=\"width:100%;\" style=\"width:100%;\">\t\t\t<div id=\"sc_clients_832025401_3\" class=\"sc_clients_item sc_clients_item_3 odd\">\n\t\t\t\t\t\t\t\t<div class=\"sc_client_image\"><img decoding=\"async\" class=\"wp-post-image\" alt=\"stiga\" src=\"https:\/\/moeller.kassel.design\/wp-content\/uploads\/2016\/09\/stiga_Logo2.png\"><\/div>\n\t\t\t\t\t\t\t<\/div>\n\t\t<\/div><div class=\"swiper-slide\" data-style=\"width:100%;\" style=\"width:100%;\">\t\t\t<div id=\"sc_clients_832025401_4\" class=\"sc_clients_item sc_clients_item_4 even\">\n\t\t\t\t\t\t\t\t<div class=\"sc_client_image\"><img decoding=\"async\" class=\"wp-post-image\" alt=\"caseih\" src=\"https:\/\/moeller.kassel.design\/wp-content\/uploads\/2016\/09\/caseih_logo2.png\"><\/div>\n\t\t\t\t\t\t\t<\/div>\n\t\t<\/div><\/div><div class=\"sc_slider_controls_wrap\"><a class=\"sc_slider_prev\" href=\"#\"><\/a><a class=\"sc_slider_next\" href=\"#\"><\/a><\/div><div class=\"sc_slider_pagination_wrap\"><\/div><\/div><\/div><!-- \/.sc_clients --><\/div><!-- \/.sc_clients_wrap -->[\/vc_column][\/vc_row][vc_row][vc_column][vc_empty_space][\/vc_column][\/vc_row]<\/p>\n","protected":false},"excerpt":{"rendered":"<p>[vc_row][vc_column][vc_empty_space height=&#8220;7px&#8220;][\/vc_column][\/vc_row][vc_row][vc_column][vc_empty_space][\/vc_column][\/vc_row][vc_row][vc_column][\/vc_column][\/vc_row][vc_row][vc_column][vc_empty_space][\/vc_column][\/vc_row]<\/p>\n","protected":false},"author":1,"featured_media":0,"parent":0,"menu_order":0,"comment_status":"closed","ping_status":"closed","template":"","meta":{"footnotes":""},"class_list":["post-237","page","type-page","status-publish","hentry"],"_links":{"self":[{"href":"https:\/\/moeller.kassel.design\/index.php\/wp-json\/wp\/v2\/pages\/237"}],"collection":[{"href":"https:\/\/moeller.kassel.design\/index.php\/wp-json\/wp\/v2\/pages"}],"about":[{"href":"https:\/\/moeller.kassel.design\/index.php\/wp-json\/wp\/v2\/types\/page"}],"author":[{"embeddable":true,"href":"https:\/\/moeller.kassel.design\/index.php\/wp-json\/wp\/v2\/users\/1"}],"replies":[{"embeddable":true,"href":"https:\/\/moeller.kassel.design\/index.php\/wp-json\/wp\/v2\/comments?post=237"}],"version-history":[{"count":17,"href":"https:\/\/moeller.kassel.design\/index.php\/wp-json\/wp\/v2\/pages\/237\/revisions"}],"predecessor-version":[{"id":1523,"href":"https:\/\/moeller.kassel.design\/index.php\/wp-json\/wp\/v2\/pages\/237\/revisions\/1523"}],"wp:attachment":[{"href":"https:\/\/moeller.kassel.design\/index.php\/wp-json\/wp\/v2\/media?parent=237"}],"curies":[{"name":"wp","href":"https:\/\/api.w.org\/{rel}","templated":true}]}}