{"id":21,"date":"2016-09-12T10:07:35","date_gmt":"2016-09-12T10:07:35","guid":{"rendered":"https:\/\/moeller.kassel.design\/?page_id=21"},"modified":"2022-11-25T08:53:17","modified_gmt":"2022-11-25T08:53:17","slug":"ksautoglas","status":"publish","type":"page","link":"https:\/\/moeller.kassel.design\/index.php\/ksautoglas\/","title":{"rendered":"KS Autoglas"},"content":{"rendered":"<p>[vc_row][vc_column]<div class=\"sc_section sc_section_block \"><div class=\"sc_section_inner\"><div class=\"sc_section_content_wrap\">[vc_column_text]<\/p>\n<h2>Autoglas mit KS-Autoglassystem<\/h2>\n<p><big>Glasservice und Steinschlagreparatur<\/big><\/p>\n<p><big><br \/>\nVerlassen Sie sich beim tragenden Konstruktionsteil \u201eScheibe\u201c auf die Professionalit\u00e4t eines Kfz-Meisterbetriebes, der zugleich Autoglas-Profi ist \u2013 mit hervorragender Qualit\u00e4t, 10-j\u00e4hriger Dichtigkeitsgarantie und Erste-Klasse-Service!<\/big><\/p>\n<p><big><br \/>\nKFZ-Glas aller Art f\u00fcr alle Marken!<br \/>\nKooperation mit fast allen Versicherungen.<\/big>[\/vc_column_text][vc_empty_space height=&#8220;21px&#8220;]<a href=\"https:\/\/ksautoglas.de\/index.php\" target=\"https:\/\/ksautoglas.de\/index.php\" class=\"sc_button sc_button_square sc_button_style_filled_light sc_button_size_small\" style=\"background-color:#fbc316; border-color:#fbc316;\">Zur KS Autoglas Website<\/a>[vc_empty_space]<\/div><\/div><\/div>[\/vc_column][\/vc_row][vc_row][vc_column]<div class=\"sc_section sc_section_block \"><div class=\"sc_section_inner\"><div class=\"sc_section_content_wrap\"><h2 class=\"sc_title sc_title_regular\">Ihre Vorteile mit KS-Autoglas<\/h2><div class=\"columns_wrap sc_columns columns_nofluid sc_columns_count_2\"><div class=\"column-1_2 sc_column_item sc_column_item_1 odd first\">[vc_single_image image=&#8220;1478&#8243; img_size=&#8220;medium&#8220;]<\/div><div class=\"column-1_2 sc_column_item sc_column_item_2 even\">[vc_column_text]<\/p>\n<ul>\n<li>3 Jahre Garantie bei Steinschlagreparaturen<\/li>\n<li>30 Jahre Garantie auf Dichtigkeit<\/li>\n<li>Ausschlie\u00dflicher Einsatz von Erstausr\u00fcster Qualit\u00e4tsscheiben<\/li>\n<li>Mehr als 15 Jahre Erfahrung mit Autoglas<\/li>\n<li>Einer der gr\u00f6\u00dften Autoglaser-Verbandsgruppen Deutschlands<\/li>\n<\/ul>\n<p>[\/vc_column_text]<\/div><\/div>[vc_empty_space height=&#8220;84px&#8220;]<\/div><\/div><\/div>[\/vc_column][\/vc_row][vc_row][vc_column]<div class=\"sc_section margin_bottom_huge\"><div class=\"sc_section_inner\"><div class=\"sc_section_content_wrap\"><h3 class=\"sc_title sc_title_regular margin_top_null\">Ihr Weg zu uns<\/h3>[vc_empty_space height=&#8220;0.6rem&#8220;]<div id=\"sc_googlemap_2145022149\" class=\"sc_googlemap\" style=\"width:100%;height:416px;\" data-zoom=\"15\" data-style=\"greyscale\"><iframe src=\"https:\/\/maps.google.com\/maps?t=m&output=embed&iwloc=near&z=15&q=Im+Tor+14+34308+Bad+Emstal-Balhorn\" scrolling=\"no\" marginheight=\"0\" marginwidth=\"0\" frameborder=\"0\" aria-label=\"\"><\/iframe><\/div><\/div><\/div><\/div>[\/vc_column][\/vc_row]<\/p>\n","protected":false},"excerpt":{"rendered":"<p>[vc_row][vc_column][\/vc_column][\/vc_row][vc_row][vc_column][\/vc_column][\/vc_row][vc_row][vc_column][\/vc_column][\/vc_row]<\/p>\n","protected":false},"author":1,"featured_media":0,"parent":0,"menu_order":0,"comment_status":"closed","ping_status":"closed","template":"","meta":{"footnotes":""},"class_list":["post-21","page","type-page","status-publish","hentry"],"_links":{"self":[{"href":"https:\/\/moeller.kassel.design\/index.php\/wp-json\/wp\/v2\/pages\/21"}],"collection":[{"href":"https:\/\/moeller.kassel.design\/index.php\/wp-json\/wp\/v2\/pages"}],"about":[{"href":"https:\/\/moeller.kassel.design\/index.php\/wp-json\/wp\/v2\/types\/page"}],"author":[{"embeddable":true,"href":"https:\/\/moeller.kassel.design\/index.php\/wp-json\/wp\/v2\/users\/1"}],"replies":[{"embeddable":true,"href":"https:\/\/moeller.kassel.design\/index.php\/wp-json\/wp\/v2\/comments?post=21"}],"version-history":[{"count":20,"href":"https:\/\/moeller.kassel.design\/index.php\/wp-json\/wp\/v2\/pages\/21\/revisions"}],"predecessor-version":[{"id":1475,"href":"https:\/\/moeller.kassel.design\/index.php\/wp-json\/wp\/v2\/pages\/21\/revisions\/1475"}],"wp:attachment":[{"href":"https:\/\/moeller.kassel.design\/index.php\/wp-json\/wp\/v2\/media?parent=21"}],"curies":[{"name":"wp","href":"https:\/\/api.w.org\/{rel}","templated":true}]}}