{"id":1106,"date":"2022-09-26T17:01:18","date_gmt":"2022-09-26T17:01:18","guid":{"rendered":"https:\/\/moeller.kassel.design\/?page_id=1106"},"modified":"2022-12-28T10:18:27","modified_gmt":"2022-12-28T10:18:27","slug":"unternehmen","status":"publish","type":"page","link":"https:\/\/moeller.kassel.design\/index.php\/unternehmen\/","title":{"rendered":"Unternehmen"},"content":{"rendered":"<p>[vc_row][vc_column]<div class=\"sc_section sc_section_block \"><div class=\"sc_section_inner\"><div class=\"sc_section_content_wrap\">[vc_column_text]<\/p>\n<h2>Wer wir sind<\/h2>\n<h6><strong>Wir von H.K. M\u00f6ller blicken auf eine lange, \u00fcber 100-J\u00e4hrige Firmengeschichte zur\u00fcck.<\/strong><\/h6>\n<p>Als Familienbetrieb in einer l\u00e4ndlichen Region, legen wir gro\u00dfen Wert auf Regionalit\u00e4t und Nachhaltigkeit. Bei unseren Mitarbeitern und selbstverst\u00e4ndlich f\u00fcr unsere Kunden.<\/p>\n<h6><strong>Wir stehen f\u00fcr qualitativ hochwertigen Service: jederzeit zuverl\u00e4ssig und vertrauensw\u00fcrdig. H.K. M\u00f6ller garantiert Ihnen pers\u00f6nliche Betreuung rund um Ihr Fahrzeug!<\/strong><\/h6>\n<p>In unserer Fachwerkstatt, ausgestattet mit modernster Diagnose- und Wartungstechnologie, sorgen wir mit unserem Service stets daf\u00fcr, dass Ihr Auto Sie sicher ans Ziel bringt.<\/p>\n<p>Mobilit\u00e4t bedeutet f\u00fcr uns aber nicht immer mit 4 R\u00e4dern unterwegs sein zu m\u00fcssen.<br \/>\nSeit 1930 ist es unsere Passion, Ihnen durch hochwertige Markenr\u00e4der, rundum Service und Beratung die Freude am Radfahren zu vermitteln.<\/p>\n<h6><strong>Bei uns finden Sie eine gro\u00dfe Auswahl an Fahrr\u00e4dern:<\/strong><br \/>\n<strong>Citybikes, Mountainbikes, Rennr\u00e4der sowie Falt-Fahrr\u00e4der, Kinderfahrr\u00e4der und Elektrofahrr\u00e4der (E-Bike \/ Pedelecs).<\/strong><\/h6>\n<p>Unser kompetentes und freundliches Team steht Ihnen hilfreich zur Seite und ber\u00e4t Sie gerne. Falls Ihr Drahtesel bereits etwas betagt ist und Pflege braucht, k\u00fcmmern wir uns in der hauseigenen Werkstatt um ihn.<\/p>\n<p>Wir sind auch Ihr Spezialist f\u00fcr E-Bikes und Pedelecs. Bei uns finden Sie moderne und hochwertige R\u00e4der von f\u00fchrenden Herstellern, zu denen wir Sie gerne pers\u00f6nlich beraten.<\/p>\n<h6><strong>Neugierig geworden? Dann besuchen Sie uns.<\/strong><br \/>\nUnser freundliches Team steht f\u00fcr Sie mit kompetenter Beratung und Leistung bereit.<\/h6>\n<p>[\/vc_column_text][vc_empty_space]<\/div><\/div><\/div>[\/vc_column][\/vc_row][vc_row][vc_column css=&#8220;.vc_custom_1474028363130{margin-top: 0.65rem !important;}&#8220;]<div class=\"sc_section sc_section_block margin_top_huge\" data-animation=\"animated fadeInUp normal\"><div class=\"sc_section_inner\"><div class=\"sc_section_content_wrap\"><div class=\"columns_wrap sc_columns columns_nofluid sc_columns_count_2\"><div class=\"column-1_2 sc_column_item sc_column_item_1 odd first\"><div  class=\"sc_intro\" style=\"background: url(https:\/\/moeller.kassel.design\/wp-content\/uploads\/2022\/09\/moeller_acautocheck02.jpg);\"><div class=\"sc_intro_inner  sc_intro_style_4\"><div class=\"sc_intro_content\"><h2 class=\"sc_intro_title\">AC AUTO CHECK Partner<\/h2><div class=\"sc_intro_descr\">Fachgerechte Reparatur und umfassenden Service zu fairen Preisen.<\/div><\/div><\/div><\/div><\/div><div class=\"column-1_2 sc_column_item sc_column_item_2 even\"><div  class=\"sc_intro\" style=\"background: url(https:\/\/moeller.kassel.design\/wp-content\/uploads\/2022\/09\/moeller_ksautoglass.jpg);\"><div class=\"sc_intro_inner  sc_intro_style_4\"><div class=\"sc_intro_content\"><h2 class=\"sc_intro_title\">KS Autoglas St\u00fctzpunkt<\/h2><div class=\"sc_intro_descr\">KFZ-Glas aller Art f\u00fcr alle Marken! Kooperation mit fast allen Versicherungen.<\/div><\/div><\/div><\/div><\/div><\/div>[vc_empty_space height=&#8220;24px&#8220;]<\/div><\/div><\/div>[\/vc_column][\/vc_row][vc_row][vc_column]<div class=\"sc_section sc_section_block \"><div class=\"sc_section_inner\"><div class=\"sc_section_content_wrap\"><h5 class=\"sc_title sc_title_underline\">Unser Mehrwert \u2013<br \/>\nBei H.K. M\u00f6ller ist alles unter einem Dach.<\/h5>[vc_empty_space height=&#8220;7px&#8220;][vc_column_text]<\/p>\n<ol>\n<li>\u00a0RENAULT Vertragsh\u00e4ndler seit \u00fcber 30 Jahren<\/li>\n<li>\u00a0RENAULT Diagnose Center<\/li>\n<li>\u00a0RENAULT Sport St\u00fctzpunkt<\/li>\n<li>\u00a0Z.E. Zertifizierung Vertragsh\u00e4ndler<\/li>\n<li>\u00a0Service, Wartung und Inspektion<\/li>\n<li>\u00a0Reparaturen aller Fahrzeugmarken<\/li>\n<li>\u00a0HU \/ AU \/ Gaspr\u00fcfung<\/li>\n<li>\u00a0Unfallinstandsetzung<\/li>\n<li>\u00a0Kostenvoranschl\u00e4ge nach DAT<\/li>\n<li>\u00a0Achsvermessung<\/li>\n<li>\u00a0Klimaservice<\/li>\n<li>\u00a0Reifenservice<\/li>\n<li>\u00a0KS Autoglas St\u00fctzpunkt<\/li>\n<li>\u00a0DEKRA Pr\u00fcfort<\/li>\n<li>\u00a0Kfz-Meisterbetrieb der Innung<\/li>\n<\/ol>\n<p>[\/vc_column_text][vc_empty_space height=&#8220;54px&#8220;]<\/div><\/div><\/div>[\/vc_column][\/vc_row]<\/p>\n","protected":false},"excerpt":{"rendered":"<p>[vc_row][vc_column][\/vc_column][\/vc_row][vc_row][vc_column css=&#8220;.vc_custom_1474028363130{margin-top: 0.65rem !important;}&#8220;][\/vc_column][\/vc_row][vc_row][vc_column][\/vc_column][\/vc_row]<\/p>\n","protected":false},"author":990002,"featured_media":0,"parent":0,"menu_order":0,"comment_status":"closed","ping_status":"closed","template":"","meta":{"footnotes":""},"class_list":["post-1106","page","type-page","status-publish","hentry"],"_links":{"self":[{"href":"https:\/\/moeller.kassel.design\/index.php\/wp-json\/wp\/v2\/pages\/1106"}],"collection":[{"href":"https:\/\/moeller.kassel.design\/index.php\/wp-json\/wp\/v2\/pages"}],"about":[{"href":"https:\/\/moeller.kassel.design\/index.php\/wp-json\/wp\/v2\/types\/page"}],"author":[{"embeddable":true,"href":"https:\/\/moeller.kassel.design\/index.php\/wp-json\/wp\/v2\/users\/990002"}],"replies":[{"embeddable":true,"href":"https:\/\/moeller.kassel.design\/index.php\/wp-json\/wp\/v2\/comments?post=1106"}],"version-history":[{"count":16,"href":"https:\/\/moeller.kassel.design\/index.php\/wp-json\/wp\/v2\/pages\/1106\/revisions"}],"predecessor-version":[{"id":1616,"href":"https:\/\/moeller.kassel.design\/index.php\/wp-json\/wp\/v2\/pages\/1106\/revisions\/1616"}],"wp:attachment":[{"href":"https:\/\/moeller.kassel.design\/index.php\/wp-json\/wp\/v2\/media?parent=1106"}],"curies":[{"name":"wp","href":"https:\/\/api.w.org\/{rel}","templated":true}]}}