{"id":1012,"date":"2022-09-22T09:22:24","date_gmt":"2022-09-22T09:22:24","guid":{"rendered":"https:\/\/moeller.kassel.design\/?page_id=1012"},"modified":"2022-12-28T10:23:35","modified_gmt":"2022-12-28T10:23:35","slug":"historie","status":"publish","type":"page","link":"https:\/\/moeller.kassel.design\/index.php\/historie\/","title":{"rendered":"Historie"},"content":{"rendered":"<p>[vc_row][vc_column]<div class=\"sc_section sc_section_block \"><div class=\"sc_section_inner\"><div class=\"sc_section_content_wrap\">[vc_column_text]<\/p>\r\n<h2 class=\"id-StoryElement-headline\">Von der Schmiede zum Autohaus \u2013 mehr als 125 Jahre H.K. M\u00f6ller<\/h2>\r\n<p><strong>1895<\/strong> Michel M\u00f6ller er\u00f6ffnet in Balhorn eine Schmiede.<\/p>\r\n<p><strong>1926<\/strong> Weiterf\u00fchrung der Schmiede durch Heinrich K. M\u00f6ller. Dieser geh\u00f6rt den Innungsverb\u00e4nden, des Schmiede-, Landmaschinen-, Kraftfahrzeughandwerk an.<\/p>\r\n<p><!-- \/wp:paragraph -->\r\n\r\n<!-- wp:paragraph --><strong>1930<\/strong> Nicht nur Hufbeschlag und Schmiedearbeiten sind die T\u00e4tigkeiten von Heinrich K. M\u00f6ller, sondern auch der Landmaschinen-, Motorrad-, Fahrrad- und N\u00e4hmaschinenverkauf sowie deren Wartung und Reparatur.<br \/>Nebenbei er\u00f6ffnet er auch eine Esso-Tankstelle.<\/p>\r\n<p><!-- \/wp:paragraph -->\r\n\r\n<!-- wp:paragraph --><strong>1948<\/strong> Gerhard und Ernst M\u00f6ller treten in das Gesch\u00e4ft ein.<\/p>\r\n<p><!-- \/wp:paragraph -->\r\n\r\n<!-- wp:paragraph --><strong>1950<\/strong> Der Landmaschinenhandel steigt ganz besonders im Schlepperbereich stark an.<br \/>Auch der Motorradhandel wird durch den wirtschaftlichen Aufschwung angetrieben.<\/p>\r\n<p><!-- \/wp:paragraph -->\r\n\r\n<!-- wp:paragraph --><strong>1958<\/strong> Automobile der Marke Goggo und DKW, sp\u00e4ter Audi, erweitern das Verkaufsangebot.<\/p>\r\n<p><!-- \/wp:paragraph -->\r\n\r\n<!-- wp:paragraph --><strong>1960<\/strong> Erweiterung des Betriebsgel\u00e4ndes.<\/p>\r\n<p><!-- \/wp:paragraph -->\r\n\r\n<!-- wp:paragraph --><strong>1976<\/strong> Neubau des Werkstattgeb\u00e4udes.<\/p>\r\n<p><!-- \/wp:paragraph -->\r\n\r\n<!-- wp:paragraph --><strong>1971<\/strong> Es beginnt der Verkauf und Service von Renault Kraftfahrzeugen.<\/p>\r\n<p><!-- \/wp:paragraph -->\r\n\r\n<!-- wp:paragraph --><strong>1985<\/strong> Das Engagement im Verkauf und Service von Fahrr\u00e4dern und Gartenger\u00e4ten wird intensiviert.<\/p>\r\n<p><!-- \/wp:paragraph -->\r\n\r\n<!-- wp:paragraph --><strong>1995<\/strong> Michael M\u00f6ller, KFZ -und Landmaschinenmechanikermeister und Sohn von Ernst M\u00f6ller, \u00fcbernimmt das Gesch\u00e4ft.<\/p>\r\n<p><!-- \/wp:paragraph -->\r\n\r\n<!-- wp:paragraph --><strong>2005<\/strong> H. K. M\u00f6ller verkauft neben der Hauptmarke RENAULT auch die Modelle der Firma Dacia<br \/>(inklusive Reparatur und Wartung).<\/p>\r\n<p><!-- \/wp:paragraph -->\r\n\r\n<!-- wp:paragraph --><strong>2010<\/strong> Beginn der Zusammenarbeit im Werkstattverbund AC AUTO CHECK.<\/p>\r\n<p><!-- \/wp:paragraph -->\r\n\r\n<!-- wp:paragraph --><strong>2012<\/strong> Das Leistungsspektrum wird um die Steinschlag- und Autoglas Reparatur vom Partner KS-Autoglas erweitert.<\/p>\r\n<p><!-- \/wp:paragraph -->\r\n\r\n<!-- wp:paragraph --><strong>2020<\/strong> Die Heinrich K. M\u00f6ller GmbH &amp; Co. Landmaschinen-KFZ-Handels- und Service KG feiert ihr 125 j\u00e4hriges Bestehen.<\/p>\r\n<p><!-- \/wp:paragraph -->\u00a0<\/p>\r\n<p>[\/vc_column_text][vc_empty_space]<\/div><\/div><\/div>[\/vc_column][\/vc_row]<\/p>","protected":false},"excerpt":{"rendered":"<p>[vc_row][vc_column][\/vc_column][\/vc_row]<\/p>\n","protected":false},"author":990002,"featured_media":0,"parent":0,"menu_order":0,"comment_status":"closed","ping_status":"closed","template":"","meta":{"footnotes":""},"class_list":["post-1012","page","type-page","status-publish","hentry"],"_links":{"self":[{"href":"https:\/\/moeller.kassel.design\/index.php\/wp-json\/wp\/v2\/pages\/1012"}],"collection":[{"href":"https:\/\/moeller.kassel.design\/index.php\/wp-json\/wp\/v2\/pages"}],"about":[{"href":"https:\/\/moeller.kassel.design\/index.php\/wp-json\/wp\/v2\/types\/page"}],"author":[{"embeddable":true,"href":"https:\/\/moeller.kassel.design\/index.php\/wp-json\/wp\/v2\/users\/990002"}],"replies":[{"embeddable":true,"href":"https:\/\/moeller.kassel.design\/index.php\/wp-json\/wp\/v2\/comments?post=1012"}],"version-history":[{"count":50,"href":"https:\/\/moeller.kassel.design\/index.php\/wp-json\/wp\/v2\/pages\/1012\/revisions"}],"predecessor-version":[{"id":1629,"href":"https:\/\/moeller.kassel.design\/index.php\/wp-json\/wp\/v2\/pages\/1012\/revisions\/1629"}],"wp:attachment":[{"href":"https:\/\/moeller.kassel.design\/index.php\/wp-json\/wp\/v2\/media?parent=1012"}],"curies":[{"name":"wp","href":"https:\/\/api.w.org\/{rel}","templated":true}]}}